{"id":30,"date":"2020-11-26T15:26:34","date_gmt":"2020-11-26T15:26:34","guid":{"rendered":"https:\/\/fludi.art\/?page_id=30"},"modified":"2022-09-22T20:11:57","modified_gmt":"2022-09-22T20:11:57","slug":"imprint","status":"publish","type":"page","link":"https:\/\/fludi.art\/?page_id=30","title":{"rendered":"Imprint"},"content":{"rendered":"\t\t<div data-elementor-type=\"wp-page\" data-elementor-id=\"30\" class=\"elementor elementor-30\" data-elementor-post-type=\"page\">\n\t\t\t\t\t\t<section class=\"elementor-section elementor-top-section elementor-element elementor-element-50019a5d elementor-section-boxed elementor-section-height-default elementor-section-height-default\" data-id=\"50019a5d\" data-element_type=\"section\">\n\t\t\t\t\t\t<div class=\"elementor-container elementor-column-gap-default\">\n\t\t\t\t\t<div class=\"elementor-column elementor-col-100 elementor-top-column elementor-element elementor-element-7154a3f6\" data-id=\"7154a3f6\" data-element_type=\"column\">\n\t\t\t<div class=\"elementor-widget-wrap elementor-element-populated\">\n\t\t\t\t\t\t<div class=\"elementor-element elementor-element-55152ed0 elementor-widget elementor-widget-theme-site-logo elementor-widget-image\" data-id=\"55152ed0\" data-element_type=\"widget\" data-widget_type=\"theme-site-logo.default\">\n\t\t\t\t<div class=\"elementor-widget-container\">\n\t\t\t\t\t\t\t\t\t\t\t<a href=\"https:\/\/fludi.art\">\n\t\t\t<img fetchpriority=\"high\" decoding=\"async\" width=\"300\" height=\"224\" src=\"https:\/\/fludi.art\/wp-content\/uploads\/2020\/11\/cropped-fludiart_logo-100-300x224.jpg\" class=\"attachment-medium size-medium wp-image-12\" alt=\"\" srcset=\"https:\/\/fludi.art\/wp-content\/uploads\/2020\/11\/cropped-fludiart_logo-100-300x224.jpg 300w, https:\/\/fludi.art\/wp-content\/uploads\/2020\/11\/cropped-fludiart_logo-100.jpg 583w\" sizes=\"(max-width: 300px) 100vw, 300px\" \/>\t\t\t\t<\/a>\n\t\t\t\t\t\t\t\t\t\t\t<\/div>\n\t\t\t\t<\/div>\n\t\t\t\t\t<\/div>\n\t\t<\/div>\n\t\t\t\t\t<\/div>\n\t\t<\/section>\n\t\t\t\t<section class=\"elementor-section elementor-top-section elementor-element elementor-element-e7d73b3 elementor-section-boxed elementor-section-height-default elementor-section-height-default\" data-id=\"e7d73b3\" data-element_type=\"section\">\n\t\t\t\t\t\t<div class=\"elementor-container elementor-column-gap-default\">\n\t\t\t\t\t<div class=\"elementor-column elementor-col-100 elementor-top-column elementor-element elementor-element-a2e5218\" data-id=\"a2e5218\" data-element_type=\"column\">\n\t\t\t<div class=\"elementor-widget-wrap elementor-element-populated\">\n\t\t\t\t\t\t<div class=\"elementor-element elementor-element-ffd752e elementor-widget elementor-widget-text-editor\" data-id=\"ffd752e\" data-element_type=\"widget\" data-widget_type=\"text-editor.default\">\n\t\t\t\t<div class=\"elementor-widget-container\">\n\t\t\t\t\t\t\t\t\t<p><\/p>\n<p><\/p><main style=\"font-family: 'Open Sans', 'Times New Roman'; font-size: 18px; outline-color: transparent !important;\" role=\"main\"><p><\/p>\n<div style=\"outline-color: transparent !important;\">\n<div style=\"outline-color: transparent !important;\" data-elementor-type=\"wp-page\" data-elementor-id=\"585\">\n<div style=\"outline-color: transparent !important;\">\n<div style=\"outline-color: transparent !important;\">\n<section style=\"--flex-direction: initial; --flex-wrap: initial; --justify-content: initial; --align-items: initial; --align-content: initial; --gap: initial; --flex-basis: initial; --flex-grow: initial; --flex-shrink: initial; --order: initial; --align-self: initial; flex-direction: var(--flex-direction); flex-wrap: var(--flex-wrap); -webkit-box-pack: var(--justify-content); justify-content: var(--justify-content); -webkit-box-align: var(--align-items); align-items: var(--align-items); align-content: var(--align-content); gap: var(--gap); flex-basis: var(--flex-basis); -webkit-box-flex: var(--flex-grow); flex-grow: var(--flex-grow); flex-shrink: var(--flex-shrink); -webkit-box-ordinal-group: var(--order); order: var(--order); align-self: var(--align-self); --widgets-spacing: 20px; outline-color: transparent !important;\" data-id=\"0176918\" data-element_type=\"section\">\n<div style=\"outline-color: transparent !important;\">\n<div style=\"width: 1024px; outline-color: transparent !important;\">\n<div style=\"--flex-direction: initial; --flex-wrap: initial; --justify-content: initial; --align-items: initial; --align-content: initial; --gap: initial; --flex-basis: initial; --flex-grow: initial; --flex-shrink: initial; --order: initial; --align-self: initial; flex-direction: var(--flex-direction); flex-wrap: var(--flex-wrap); -webkit-box-pack: var(--justify-content); justify-content: var(--justify-content); -webkit-box-align: var(--align-items); align-items: var(--align-items); align-content: var(--align-content); gap: var(--gap); flex-basis: var(--flex-basis); -webkit-box-flex: var(--flex-grow); flex-grow: var(--flex-grow); flex-shrink: var(--flex-shrink); -webkit-box-ordinal-group: var(--order); order: var(--order); align-self: var(--align-self); --widgets-spacing: 20px; width: 1024px; outline-color: transparent !important;\" data-id=\"432f164\" data-element_type=\"column\">\n<div style=\"width: 1024px; outline-color: transparent !important;\">\n<div style=\"width: 1024px; outline-color: transparent !important;\">\n<div style=\"--flex-direction: initial; --flex-wrap: initial; --justify-content: initial; --align-items: initial; --align-content: initial; --gap: initial; --flex-basis: initial; --flex-grow: initial; --flex-shrink: initial; --order: initial; --align-self: initial; flex-direction: var(--flex-direction); flex-wrap: var(--flex-wrap); -webkit-box-pack: var(--justify-content); justify-content: var(--justify-content); -webkit-box-align: var(--align-items); align-items: var(--align-items); align-content: var(--align-content); gap: var(--gap); flex-basis: var(--flex-basis); -webkit-box-flex: var(--flex-grow); flex-grow: var(--flex-grow); flex-shrink: var(--flex-shrink); -webkit-box-ordinal-group: var(--order); order: var(--order); align-self: var(--align-self); --widgets-spacing: 20px; font-family: var( --e-global-typography-text-font-family ), Times New Roman; font-size: var( --e-global-typography-text-font-size ); font-weight: var( --e-global-typography-text-font-weight ); width: 1004px; outline-color: transparent !important;\" data-id=\"c0a58f0\" data-element_type=\"widget\" data-widget_type=\"text-editor.default\">\n<div style=\"outline-color: transparent !important;\">\n<div style=\"outline-color: transparent !important;\">\n<p style=\"margin-bottom: 20px; font-family: 'Open Sans', sans-serif; outline-color: transparent !important;\">F\u00fcr diese Website verantwortlicher Herausgeber:&nbsp;<\/p>\n<p style=\"margin-bottom: 20px; font-family: 'Open Sans', sans-serif; outline-color: transparent !important;\">Fludi St\u00f6hr<\/p>\n<p style=\"margin-bottom: 20px; font-family: 'Open Sans', sans-serif; outline-color: transparent !important;\">Otto-Probst Stra\u00dfe 32 \/ 1100 \/ Wien<\/p>\n<p style=\"margin-bottom: 20px; font-family: 'Open Sans', sans-serif; outline-color: transparent !important;\">Telefon: +43 699 13257571<\/p>\n<p style=\"margin-bottom: 20px; font-family: 'Open Sans', sans-serif; outline-color: transparent !important;\">E-Mail:&nbsp;&nbsp;viestoehr[a]gmail.com<br style=\"outline-color: transparent !important;\">Internet: www.fludi.art<\/p>\n<p style=\"margin-bottom: 20px; font-family: 'Open Sans', sans-serif; outline-color: transparent !important;\">Bildernachweis: wenn nicht anderes erw\u00e4hnt (c) by Fludi St\u00f6hr<\/p><\/div><\/div><\/div><\/div><\/div><\/div><\/div><\/div><\/section><\/div><\/div><\/div><\/div><\/main><div style=\"font-family: 'Open Sans', 'Times New Roman'; font-size: 18px; outline-color: transparent !important;\" data-elementor-type=\"footer\" data-elementor-id=\"1361\"><div style=\"outline-color: transparent !important;\"><section style=\"--flex-direction: initial; --flex-wrap: initial; --justify-content: initial; --align-items: initial; --align-content: initial; --gap: initial; --flex-basis: initial; --flex-grow: initial; --flex-shrink: initial; --order: initial; --align-self: initial; flex-direction: var(--flex-direction); flex-wrap: var(--flex-wrap); -webkit-box-pack: var(--justify-content); justify-content: var(--justify-content); -webkit-box-align: var(--align-items); align-items: var(--align-items); align-content: var(--align-content); gap: var(--gap); flex-basis: var(--flex-basis); -webkit-box-flex: var(--flex-grow); flex-grow: var(--flex-grow); flex-shrink: var(--flex-shrink); -webkit-box-ordinal-group: var(--order); order: var(--order); align-self: var(--align-self); --widgets-spacing: 20px; transition: background 0.3s ease 0s, border 0.3s ease 0s, border-radius 0.3s ease 0s, box-shadow 0.3s ease 0s; margin-top: 0px; margin-bottom: 0px; padding: 0px; background-color: var( --e-global-color-primary ); outline-color: transparent !important;\" data-id=\"c9f5a5a\" data-element_type=\"section\" data-settings=\"{&quot;background_background&quot;:&quot;classic&quot;}\"><div style=\"max-width: 1920px; outline-color: transparent !important;\"><div style=\"width: 1920px; outline-color: transparent !important;\"><div style=\"--flex-direction: initial; --flex-wrap: initial; --justify-content: initial; --align-items: initial; --align-content: initial; --gap: initial; --flex-basis: initial; --flex-grow: initial; --flex-shrink: initial; --order: initial; --align-self: initial; flex-direction: var(--flex-direction); flex-wrap: var(--flex-wrap); -webkit-box-pack: var(--justify-content); justify-content: var(--justify-content); -webkit-box-align: var(--align-items); align-items: var(--align-items); align-content: var(--align-content); gap: var(--gap); flex-basis: var(--flex-basis); -webkit-box-flex: var(--flex-grow); flex-grow: var(--flex-grow); flex-shrink: var(--flex-shrink); -webkit-box-ordinal-group: var(--order); order: var(--order); align-self: var(--align-self); --widgets-spacing: 20px; width: 1920px; outline-color: transparent !important;\" data-id=\"7149919c\" data-element_type=\"column\"><div style=\"width: 1920px; margin: 0px; --e-column-margin-right: 0px; --e-column-margin-left: 0px; outline-color: transparent !important;\"><div style=\"width: 1920px; padding: 0px; outline-color: transparent !important;\"><div style=\"--flex-direction: initial; --flex-wrap: initial; --justify-content: initial; --align-items: initial; --align-content: initial; --gap: initial; --flex-basis: initial; --flex-grow: initial; --flex-shrink: initial; --order: initial; --align-self: initial; flex-direction: var(--flex-direction); flex-wrap: var(--flex-wrap); -webkit-box-pack: var(--justify-content); justify-content: var(--justify-content); -webkit-box-align: var(--align-items); align-items: var(--align-items); align-content: var(--align-content); gap: var(--gap); flex-basis: var(--flex-basis); -webkit-box-flex: var(--flex-grow); flex-grow: var(--flex-grow); flex-shrink: var(--flex-shrink); -webkit-box-ordinal-group: var(--order); order: var(--order); align-self: var(--align-self); --widgets-spacing: 20px; width: 1920px; outline-color: transparent !important;\" data-id=\"79d7f441\" data-element_type=\"widget\" data-settings=\"{&quot;layout&quot;:&quot;horizontal&quot;,&quot;toggle&quot;:&quot;burger&quot;}\" data-widget_type=\"nav-menu.default\"><div style=\"margin: 0px; padding: 0px; outline-color: transparent !important;\"><nav style=\"outline-color: transparent !important;\" role=\"navigation\"><ul style=\"font-size: 18px; outline-color: transparent !important;\" data-smartmenus-id=\"16638773465359436\">\n<\/ul>\n<\/nav>\n<\/div>\n<\/div>\n<\/div>\n<\/div>\n<\/div>\n<\/div>\n<\/div>\n<\/section>\n<\/div>\n<\/div>\t\t\t\t\t\t\t\t<\/div>\n\t\t\t\t<\/div>\n\t\t\t\t\t<\/div>\n\t\t<\/div>\n\t\t\t\t\t<\/div>\n\t\t<\/section>\n\t\t\t\t<section class=\"elementor-section elementor-top-section elementor-element elementor-element-222023db elementor-section-boxed elementor-section-height-default elementor-section-height-default\" data-id=\"222023db\" data-element_type=\"section\" data-settings=\"{&quot;background_background&quot;:&quot;classic&quot;}\">\n\t\t\t\t\t\t<div class=\"elementor-container elementor-column-gap-default\">\n\t\t\t\t\t<div class=\"elementor-column elementor-col-100 elementor-top-column elementor-element elementor-element-1a7b5962\" data-id=\"1a7b5962\" data-element_type=\"column\">\n\t\t\t<div class=\"elementor-widget-wrap elementor-element-populated\">\n\t\t\t\t\t\t<div class=\"elementor-element elementor-element-629b6dab elementor-nav-menu--dropdown-tablet elementor-nav-menu__text-align-aside elementor-nav-menu--toggle elementor-nav-menu--burger elementor-widget elementor-widget-nav-menu\" data-id=\"629b6dab\" data-element_type=\"widget\" data-settings=\"{&quot;layout&quot;:&quot;horizontal&quot;,&quot;submenu_icon&quot;:{&quot;value&quot;:&quot;&lt;i class=\\&quot;fas fa-caret-down\\&quot;&gt;&lt;\\\/i&gt;&quot;,&quot;library&quot;:&quot;fa-solid&quot;},&quot;toggle&quot;:&quot;burger&quot;}\" data-widget_type=\"nav-menu.default\">\n\t\t\t\t<div class=\"elementor-widget-container\">\n\t\t\t\t\t\t\t\t<nav aria-label=\"Menu\" class=\"elementor-nav-menu--main elementor-nav-menu__container elementor-nav-menu--layout-horizontal e--pointer-underline e--animation-fade\">\n\t\t\t\t<ul id=\"menu-1-629b6dab\" class=\"elementor-nav-menu\"><li class=\"menu-item menu-item-type-post_type menu-item-object-page menu-item-42\"><a href=\"https:\/\/fludi.art\/?page_id=28\" class=\"elementor-item\">Private Policy<\/a><\/li>\n<li class=\"menu-item menu-item-type-post_type menu-item-object-page menu-item-41\"><a href=\"https:\/\/fludi.art\/?page_id=30\" class=\"elementor-item\">Imprint<\/a><\/li>\n<\/ul>\t\t\t<\/nav>\n\t\t\t\t\t<div class=\"elementor-menu-toggle\" role=\"button\" tabindex=\"0\" aria-label=\"Menu Toggle\" aria-expanded=\"false\">\n\t\t\t<i aria-hidden=\"true\" role=\"presentation\" class=\"elementor-menu-toggle__icon--open eicon-menu-bar\"><\/i><i aria-hidden=\"true\" role=\"presentation\" class=\"elementor-menu-toggle__icon--close eicon-close\"><\/i>\t\t<\/div>\n\t\t\t\t\t<nav class=\"elementor-nav-menu--dropdown elementor-nav-menu__container\" aria-hidden=\"true\">\n\t\t\t\t<ul id=\"menu-2-629b6dab\" class=\"elementor-nav-menu\"><li class=\"menu-item menu-item-type-post_type menu-item-object-page menu-item-42\"><a href=\"https:\/\/fludi.art\/?page_id=28\" class=\"elementor-item\" tabindex=\"-1\">Private Policy<\/a><\/li>\n<li class=\"menu-item menu-item-type-post_type menu-item-object-page menu-item-41\"><a href=\"https:\/\/fludi.art\/?page_id=30\" class=\"elementor-item\" tabindex=\"-1\">Imprint<\/a><\/li>\n<\/ul>\t\t\t<\/nav>\n\t\t\t\t\t\t<\/div>\n\t\t\t\t<\/div>\n\t\t\t\t\t<\/div>\n\t\t<\/div>\n\t\t\t\t\t<\/div>\n\t\t<\/section>\n\t\t\t\t<\/div>\n\t\t","protected":false},"excerpt":{"rendered":"<p>F\u00fcr diese Website verantwortlicher Herausgeber:&nbsp; Fludi St\u00f6hr Otto-Probst Stra\u00dfe 32 \/ 1100 \/ Wien Telefon: +43 699 13257571 E-Mail:&nbsp;&nbsp;viestoehr[a]gmail.comInternet: www.fludi.art Bildernachweis: wenn nicht anderes erw\u00e4hnt (c) by Fludi St\u00f6hr<\/p>\n","protected":false},"author":1,"featured_media":0,"parent":0,"menu_order":8,"comment_status":"closed","ping_status":"closed","template":"","meta":{"footnotes":""},"class_list":["post-30","page","type-page","status-publish","hentry"],"_links":{"self":[{"href":"https:\/\/fludi.art\/index.php?rest_route=\/wp\/v2\/pages\/30","targetHints":{"allow":["GET"]}}],"collection":[{"href":"https:\/\/fludi.art\/index.php?rest_route=\/wp\/v2\/pages"}],"about":[{"href":"https:\/\/fludi.art\/index.php?rest_route=\/wp\/v2\/types\/page"}],"author":[{"embeddable":true,"href":"https:\/\/fludi.art\/index.php?rest_route=\/wp\/v2\/users\/1"}],"replies":[{"embeddable":true,"href":"https:\/\/fludi.art\/index.php?rest_route=%2Fwp%2Fv2%2Fcomments&post=30"}],"version-history":[{"count":4,"href":"https:\/\/fludi.art\/index.php?rest_route=\/wp\/v2\/pages\/30\/revisions"}],"predecessor-version":[{"id":449,"href":"https:\/\/fludi.art\/index.php?rest_route=\/wp\/v2\/pages\/30\/revisions\/449"}],"wp:attachment":[{"href":"https:\/\/fludi.art\/index.php?rest_route=%2Fwp%2Fv2%2Fmedia&parent=30"}],"curies":[{"name":"wp","href":"https:\/\/api.w.org\/{rel}","templated":true}]}}